{"id":15492,"date":"2015-05-11T13:49:11","date_gmt":"2015-05-11T13:49:11","guid":{"rendered":"http:\/\/demo.qodeinteractive.com\/bridge86\/?page_id=15492"},"modified":"2022-07-26T10:19:04","modified_gmt":"2022-07-26T10:19:04","slug":"il-nostro-metodo","status":"publish","type":"page","link":"https:\/\/www.leragazzedisanfrediano.com\/fr\/il-nostro-metodo\/","title":{"rendered":"Notre m\u00e9thode"},"content":{"rendered":"<div class=\"wpb-content-wrapper\"><div class=\"vc_row wpb_row section vc_row-fluid  grid_section\" style=' padding-top:80px; text-align:center;'><div class=\"section_inner clearfix\"><div class='section_inner_margin clearfix'><div class=\"wpb_column vc_column_container vc_col-sm-12 vc_col-lg-offset-1 vc_col-lg-10 vc_col-md-offset-1 vc_col-md-10\"><div class=\"vc_column-inner\"><div class=\"wpb_wrapper\">\n\t<div class=\"wpb_text_column wpb_content_element\">\n\t\t<div class=\"wpb_wrapper\">\n\t\t\t<h2 style=\"text-align: center;\">V&amp;V<\/h2>\n\n\t\t<\/div>\n\t<\/div><div class=\"separator  transparent\" style=\"margin-top: 30px;margin-bottom: 0px;\"><\/div>\n\t<div class=\"wpb_text_column wpb_content_element\">\n\t\t<div class=\"wpb_wrapper\">\n\t\t\t<p style=\"text-align: center;\">Notre m\u00e9thode pour vivre l\u2019art<\/p>\n\n\t\t<\/div>\n\t<\/div><\/div><\/div><\/div><\/div><\/div><\/div><div      class=\"vc_row wpb_row section vc_row-fluid  grid_section\" style=' padding-top:90px; padding-bottom:90px; text-align:left;'><div class=\"section_inner clearfix\"><div class='section_inner_margin clearfix'><div class=\"wpb_column vc_column_container vc_col-sm-12\"><div class=\"vc_column-inner\"><div class=\"wpb_wrapper\"><div class='q_elements_holder two_columns responsive_mode_from_768' ><div class='q_elements_item' data-animation='no' data-item-class='q_elements_holder_custom_793006'><div class='q_elements_item_inner'><div class='q_elements_item_content q_elements_holder_custom_793006' style='padding:0 5% 0 5%'>\n\t<div class=\"wpb_single_image wpb_content_element vc_align_center  element_from_left\"><div style=\"-webkit-animation-delay:0.4s; animation-delay:0.4s; -webkit-transition-delay:0.4s; transition-delay:0.4s\">\n\t\t<div class=\"wpb_wrapper\">\n\t\t\t\n\t\t\t<div class=\"vc_single_image-wrapper   vc_box_border_grey\"><img loading=\"lazy\" decoding=\"async\" width=\"1200\" height=\"900\" src=\"https:\/\/www.leragazzedisanfrediano.com\/wp-content\/uploads\/2022\/01\/vieni.jpg\" class=\"vc_single_image-img attachment-full\" alt=\"\" title=\"vieni\" srcset=\"https:\/\/www.leragazzedisanfrediano.com\/wp-content\/uploads\/2022\/01\/vieni.jpg 1200w, https:\/\/www.leragazzedisanfrediano.com\/wp-content\/uploads\/2022\/01\/vieni-300x225.jpg 300w, https:\/\/www.leragazzedisanfrediano.com\/wp-content\/uploads\/2022\/01\/vieni-1024x768.jpg 1024w, https:\/\/www.leragazzedisanfrediano.com\/wp-content\/uploads\/2022\/01\/vieni-768x576.jpg 768w, https:\/\/www.leragazzedisanfrediano.com\/wp-content\/uploads\/2022\/01\/vieni-800x600.jpg 800w, https:\/\/www.leragazzedisanfrediano.com\/wp-content\/uploads\/2022\/01\/vieni-700x525.jpg 700w\" sizes=\"auto, (max-width: 1200px) 100vw, 1200px\" \/><\/div>\n\t\t<\/div><\/div>\n\t<\/div>\n<\/div><\/div><\/div><div class='q_elements_item' data-animation='no' data-item-class='q_elements_holder_custom_461183'><div class='q_elements_item_inner'><div class='q_elements_item_content q_elements_holder_custom_461183' style='padding:8% 5% 8% 5%'>\n\t<div class=\"wpb_text_column wpb_content_element\">\n\t\t<div class=\"wpb_wrapper\">\n\t\t\t<h4>VENEZ<\/h4>\n\n\t\t<\/div>\n\t<\/div><div class=\"separator  transparent\" style=\"margin-top: 12px;margin-bottom: 0px;\"><\/div>\n\t<div class=\"wpb_text_column wpb_content_element\">\n\t\t<div class=\"wpb_wrapper\">\n\t\t\t<p><strong>Il faut un soup\u00e7on d'audace pour s'aventurer au-del\u00e0 des fronti\u00e8res du connu.<\/strong><\/p>\n<p>Il ne suffit pas de remplir sa maison de reproductions de grands artistes ou de faire d\u00e9filer les pages Instagram des grands mus\u00e9es : pour conna\u00eetre l\u2019art, il faut aller \u00e0 sa rencontre !<br \/>\nCela semble \u00eatre une chose tr\u00e8s simple, mais ce n'est pas toujours le cas ! Parfois, en effet, lorsque nous entrons dans un mus\u00e9e ou que nous regardons une \u0153uvre d'art, nous nous sentons d\u00e9sorient\u00e9s e perdus, et nous ne savons pas comment l'interpr\u00e9ter.<br \/>\nCela semble \u00eatre une chose tr\u00e8s simple, mais ce n'est pas toujours le cas ! Parfois, en effet, lorsque nous entrons dans un mus\u00e9e ou que nous regardons une \u0153uvre d'art, nous nous sentons d\u00e9sorient\u00e9s et perdus, et nous ne savons pas comment l'interpr\u00e9ter.<\/p>\n\n\t\t<\/div>\n\t<\/div><div class=\"separator  transparent\" style=\"margin-top: 25px;margin-bottom: 0px;\"><\/div><\/div><\/div><\/div><\/div><\/div><\/div><\/div><\/div><\/div><\/div><div      class=\"vc_row wpb_row section vc_row-fluid  grid_section\" style='background-color:#f6f6f6; padding-top:90px; padding-bottom:90px; text-align:left;'><div class=\"section_inner clearfix\"><div class='section_inner_margin clearfix'><div class=\"wpb_column vc_column_container vc_col-sm-12\"><div class=\"vc_column-inner\"><div class=\"wpb_wrapper\"><div class='q_elements_holder two_columns responsive_mode_from_768' ><div class='q_elements_item' data-animation='no' data-item-class='q_elements_holder_custom_799344'><div class='q_elements_item_inner'><div class='q_elements_item_content q_elements_holder_custom_799344' style='padding:0 5% 0 5%'>\n\t<div class=\"wpb_single_image wpb_content_element vc_align_center  element_from_right\"><div style=\"-webkit-animation-delay:0.4s; animation-delay:0.4s; -webkit-transition-delay:0.4s; transition-delay:0.4s\">\n\t\t<div class=\"wpb_wrapper\">\n\t\t\t\n\t\t\t<div class=\"vc_single_image-wrapper   vc_box_border_grey\"><img loading=\"lazy\" decoding=\"async\" width=\"1200\" height=\"900\" src=\"https:\/\/www.leragazzedisanfrediano.com\/wp-content\/uploads\/2022\/01\/esplora.jpg\" class=\"vc_single_image-img attachment-full\" alt=\"\" title=\"esplora\" srcset=\"https:\/\/www.leragazzedisanfrediano.com\/wp-content\/uploads\/2022\/01\/esplora.jpg 1200w, https:\/\/www.leragazzedisanfrediano.com\/wp-content\/uploads\/2022\/01\/esplora-300x225.jpg 300w, https:\/\/www.leragazzedisanfrediano.com\/wp-content\/uploads\/2022\/01\/esplora-1024x768.jpg 1024w, https:\/\/www.leragazzedisanfrediano.com\/wp-content\/uploads\/2022\/01\/esplora-768x576.jpg 768w, https:\/\/www.leragazzedisanfrediano.com\/wp-content\/uploads\/2022\/01\/esplora-800x600.jpg 800w, https:\/\/www.leragazzedisanfrediano.com\/wp-content\/uploads\/2022\/01\/esplora-700x525.jpg 700w\" sizes=\"auto, (max-width: 1200px) 100vw, 1200px\" \/><\/div>\n\t\t<\/div><\/div>\n\t<\/div>\n<\/div><\/div><\/div><div class='q_elements_item' data-animation='no' data-item-class='q_elements_holder_custom_767088'><div class='q_elements_item_inner'><div class='q_elements_item_content q_elements_holder_custom_767088' style='padding:8% 5% 8% 5%'>\n\t<div class=\"wpb_text_column wpb_content_element\">\n\t\t<div class=\"wpb_wrapper\">\n\t\t\t<h4>VOYEZ<\/h4>\n\n\t\t<\/div>\n\t<\/div><div class=\"separator  transparent\" style=\"margin-top: 12px;margin-bottom: 0px;\"><\/div>\n\t<div class=\"wpb_text_column wpb_content_element\">\n\t\t<div class=\"wpb_wrapper\">\n\t\t\t<p><strong>Prenez le temps de regarder, vous d\u00e9couvrirez de quoi vos yeux sont capables.<\/strong><\/p>\n<p>Explorer signifie chercher \u00e0 d\u00e9couvrir et \u00e0 conna\u00eetre, en utilisant les moyens appropri\u00e9s, ce qui est inconnu. Et c'est ce que nous allons vous apprendre \u00e0 faire ! Mettez donc vos meilleures lunettes et pr\u00e9parez-vous \u00e0 partir \u00e0 la chasse aux d\u00e9tails, comme de v\u00e9ritables explorateurs. Vous serez surpris de voir combien de d\u00e9couvertes \u00e9tonnantes et inattendues vous serez capables de faire avec vos propres yeux !<\/p>\n\n\t\t<\/div>\n\t<\/div><div class=\"separator  transparent\" style=\"margin-top: 25px;margin-bottom: 0px;\"><\/div><\/div><\/div><\/div><\/div><\/div><\/div><\/div><\/div><\/div><\/div><div      class=\"vc_row wpb_row section vc_row-fluid  grid_section\" style=' padding-top:90px; padding-bottom:90px; text-align:left;'><div class=\"section_inner clearfix\"><div class='section_inner_margin clearfix'><div class=\"wpb_column vc_column_container vc_col-sm-12\"><div class=\"vc_column-inner\"><div class=\"wpb_wrapper\"><div class='q_elements_holder two_columns responsive_mode_from_768' ><div class='q_elements_item' data-animation='no' data-item-class='q_elements_holder_custom_342306'><div class='q_elements_item_inner'><div class='q_elements_item_content q_elements_holder_custom_342306' style='padding:0 5% 0 5%'>\n\t<div class=\"wpb_single_image wpb_content_element vc_align_center  element_from_left\"><div style=\"-webkit-animation-delay:0.4s; animation-delay:0.4s; -webkit-transition-delay:0.4s; transition-delay:0.4s\">\n\t\t<div class=\"wpb_wrapper\">\n\t\t\t\n\t\t\t<div class=\"vc_single_image-wrapper   vc_box_border_grey\"><img loading=\"lazy\" decoding=\"async\" width=\"1200\" height=\"900\" src=\"https:\/\/www.leragazzedisanfrediano.com\/wp-content\/uploads\/2022\/01\/vivi.jpg\" class=\"vc_single_image-img attachment-full\" alt=\"\" title=\"vivi\" srcset=\"https:\/\/www.leragazzedisanfrediano.com\/wp-content\/uploads\/2022\/01\/vivi.jpg 1200w, https:\/\/www.leragazzedisanfrediano.com\/wp-content\/uploads\/2022\/01\/vivi-300x225.jpg 300w, https:\/\/www.leragazzedisanfrediano.com\/wp-content\/uploads\/2022\/01\/vivi-1024x768.jpg 1024w, https:\/\/www.leragazzedisanfrediano.com\/wp-content\/uploads\/2022\/01\/vivi-768x576.jpg 768w, https:\/\/www.leragazzedisanfrediano.com\/wp-content\/uploads\/2022\/01\/vivi-800x600.jpg 800w, https:\/\/www.leragazzedisanfrediano.com\/wp-content\/uploads\/2022\/01\/vivi-700x525.jpg 700w\" sizes=\"auto, (max-width: 1200px) 100vw, 1200px\" \/><\/div>\n\t\t<\/div><\/div>\n\t<\/div>\n<\/div><\/div><\/div><div class='q_elements_item' data-animation='no' data-item-class='q_elements_holder_custom_355150'><div class='q_elements_item_inner'><div class='q_elements_item_content q_elements_holder_custom_355150' style='padding:8% 5% 8% 5%'>\n\t<div class=\"wpb_text_column wpb_content_element\">\n\t\t<div class=\"wpb_wrapper\">\n\t\t\t<h4>VIVEZ<\/h4>\n\n\t\t<\/div>\n\t<\/div><div class=\"separator  transparent\" style=\"margin-top: 12px;margin-bottom: 0px;\"><\/div>\n\t<div class=\"wpb_text_column wpb_content_element\">\n\t\t<div class=\"wpb_wrapper\">\n\t\t\t<p><strong>Entrez dans l'\u0153uvre et restez-y un moment, apr\u00e8s cela, ce sera comme si vous l'aviez toujours avec vous.<\/strong><\/p>\n<p>Il y a un moment, quand on regarde une \u0153uvre d'art, o\u00f9 il n'existe plus de dedans ni de dehors, plus de figure repr\u00e9sent\u00e9e d'un c\u00f4t\u00e9 et d'\u0153il qui l'examine de l'autre. Les fronti\u00e8res se confondent, l'espace fusionne, et soudain nous nous sentons comme \u00e0 l'int\u00e9rieur de l'\u0153uvre, et depuis son c\u0153ur, nous pouvons nous mouvoir librement\u2026 Enfin, nous poss\u00e9dons les cl\u00e9s pour lire ce tableau, enfin nous en voyons tous les aspects et nous sommes capables de les lire comme s'il s'agissait de notre propre reflet dans le miroir. Voil\u00e0 donc \u00e0 quoi vous servira notre m\u00e9thode. Qu'attendez-vous ? Venez avec nous exercer un peu votre regard\u2026 et croyez-nous, arriv\u00e9s \u00e0 ce stade, vous aurez appris comment faire !<\/p>\n\n\t\t<\/div>\n\t<\/div><div class=\"separator  transparent\" style=\"margin-top: 25px;margin-bottom: 0px;\"><\/div><\/div><\/div><\/div><\/div><\/div><\/div><\/div><\/div><\/div><\/div><div      class=\"vc_row wpb_row section vc_row-fluid\" style=' text-align:left;'><div class=\"full_section_inner clearfix\"><div class=\"wpb_column vc_column_container vc_col-sm-12\"><div class=\"vc_column-inner\"><div class=\"wpb_wrapper\"><div class=\"call_to_action simple\" style=\"background-color: #e8adad;padding-top: 44px;padding-bottom: 44px;\"><div class=\"container_inner\"><div class=\"text_wrapper column1\"><div class=\"call_to_action_text  letter_spacing_inherit\" style=\"letter-spacing: 1px;\">\n<h3><span style=\"color: #ffffff\">Cr\u00e9ez votre exp\u00e9rience personnalis\u00e9e<\/span><\/h3>\n<\/div><a itemprop=\"url\" href=\"\/fr\/contatti\/\" class=\"qbutton white\" target=\"_blank\" style=\"color: #ffffff;border-color: #ffffff;\" data-hover-background-color=\"#ffffff\" data-hover-border-color=\"#ffffff\" data-hover-color=\"#e8adad\">\u00c9crivez-nous<\/a><\/div><\/div><\/div><\/div><\/div><\/div><\/div><\/div>\n<\/div>","protected":false},"excerpt":{"rendered":"V&amp;V Il nostro metodo per vivere l'arte VIENI Ci vuole un pizzico di audacia per spingersi oltre il confine del noto. Non basta riempirsi la casa di stampe di grandi artisti o scrollare le pagine instagram dei grandi musei: per conoscere l\u2019arte dobbiamo andarle incontro!...","protected":false},"author":4,"featured_media":0,"parent":0,"menu_order":0,"comment_status":"open","ping_status":"open","template":"full_width.php","meta":{"footnotes":""},"class_list":["post-15492","page","type-page","status-publish","hentry"],"yoast_head":"<!-- This site is optimized with the Yoast SEO plugin v27.4 - https:\/\/yoast.com\/product\/yoast-seo-wordpress\/ -->\n<title>Il nostro metodo - Le Ragazze di San Frediano<\/title>\n<meta name=\"robots\" content=\"index, follow, max-snippet:-1, max-image-preview:large, max-video-preview:-1\" \/>\n<link rel=\"canonical\" href=\"https:\/\/www.leragazzedisanfrediano.com\/fr\/il-nostro-metodo\/\" \/>\n<meta property=\"og:locale\" content=\"fr_FR\" \/>\n<meta property=\"og:type\" content=\"article\" \/>\n<meta property=\"og:title\" content=\"Il nostro metodo - Le Ragazze di San Frediano\" \/>\n<meta property=\"og:url\" content=\"https:\/\/www.leragazzedisanfrediano.com\/fr\/il-nostro-metodo\/\" \/>\n<meta property=\"og:site_name\" content=\"Le Ragazze di San Frediano\" \/>\n<meta property=\"article:publisher\" content=\"https:\/\/www.facebook.com\/leragazzedisanfrediano\/\" \/>\n<meta property=\"article:modified_time\" content=\"2022-07-26T10:19:04+00:00\" \/>\n<meta name=\"twitter:card\" content=\"summary_large_image\" \/>\n<meta name=\"twitter:label1\" content=\"Dur\u00e9e de lecture estim\u00e9e\" \/>\n\t<meta name=\"twitter:data1\" content=\"4 minutes\" \/>\n<script type=\"application\/ld+json\" class=\"yoast-schema-graph\">{\"@context\":\"https:\\\/\\\/schema.org\",\"@graph\":[{\"@type\":\"WebPage\",\"@id\":\"https:\\\/\\\/www.leragazzedisanfrediano.com\\\/il-nostro-metodo\\\/\",\"url\":\"https:\\\/\\\/www.leragazzedisanfrediano.com\\\/il-nostro-metodo\\\/\",\"name\":\"Il nostro metodo - Le Ragazze di San Frediano\",\"isPartOf\":{\"@id\":\"https:\\\/\\\/www.leragazzedisanfrediano.com\\\/#website\"},\"datePublished\":\"2015-05-11T13:49:11+00:00\",\"dateModified\":\"2022-07-26T10:19:04+00:00\",\"breadcrumb\":{\"@id\":\"https:\\\/\\\/www.leragazzedisanfrediano.com\\\/il-nostro-metodo\\\/#breadcrumb\"},\"inLanguage\":\"fr-FR\",\"potentialAction\":[{\"@type\":\"ReadAction\",\"target\":[\"https:\\\/\\\/www.leragazzedisanfrediano.com\\\/il-nostro-metodo\\\/\"]}]},{\"@type\":\"BreadcrumbList\",\"@id\":\"https:\\\/\\\/www.leragazzedisanfrediano.com\\\/il-nostro-metodo\\\/#breadcrumb\",\"itemListElement\":[{\"@type\":\"ListItem\",\"position\":1,\"name\":\"Home\",\"item\":\"https:\\\/\\\/www.leragazzedisanfrediano.com\\\/\"},{\"@type\":\"ListItem\",\"position\":2,\"name\":\"Il nostro metodo\"}]},{\"@type\":\"WebSite\",\"@id\":\"https:\\\/\\\/www.leragazzedisanfrediano.com\\\/#website\",\"url\":\"https:\\\/\\\/www.leragazzedisanfrediano.com\\\/\",\"name\":\"Le Ragazze di San Frediano\",\"description\":\"Guide turistiche a Firenze\",\"publisher\":{\"@id\":\"https:\\\/\\\/www.leragazzedisanfrediano.com\\\/#organization\"},\"potentialAction\":[{\"@type\":\"SearchAction\",\"target\":{\"@type\":\"EntryPoint\",\"urlTemplate\":\"https:\\\/\\\/www.leragazzedisanfrediano.com\\\/?s={search_term_string}\"},\"query-input\":{\"@type\":\"PropertyValueSpecification\",\"valueRequired\":true,\"valueName\":\"search_term_string\"}}],\"inLanguage\":\"fr-FR\"},{\"@type\":\"Organization\",\"@id\":\"https:\\\/\\\/www.leragazzedisanfrediano.com\\\/#organization\",\"name\":\"Le Ragazze di San Frediano\",\"url\":\"https:\\\/\\\/www.leragazzedisanfrediano.com\\\/\",\"logo\":{\"@type\":\"ImageObject\",\"inLanguage\":\"fr-FR\",\"@id\":\"https:\\\/\\\/www.leragazzedisanfrediano.com\\\/#\\\/schema\\\/logo\\\/image\\\/\",\"url\":\"https:\\\/\\\/leragazzedisanfrediano.comwp-content\\\/uploads\\\/2021\\\/07\\\/LOGO_testo.png\",\"contentUrl\":\"https:\\\/\\\/leragazzedisanfrediano.comwp-content\\\/uploads\\\/2021\\\/07\\\/LOGO_testo.png\",\"width\":395,\"height\":170,\"caption\":\"Le Ragazze di San Frediano\"},\"image\":{\"@id\":\"https:\\\/\\\/www.leragazzedisanfrediano.com\\\/#\\\/schema\\\/logo\\\/image\\\/\"},\"sameAs\":[\"https:\\\/\\\/www.facebook.com\\\/leragazzedisanfrediano\\\/\",\"https:\\\/\\\/www.instagram.com\\\/leragazzedisanfrediano\\\/\"]}]}<\/script>\n<!-- \/ Yoast SEO plugin. -->","yoast_head_json":{"title":"Il nostro metodo - Le Ragazze di San Frediano","robots":{"index":"index","follow":"follow","max-snippet":"max-snippet:-1","max-image-preview":"max-image-preview:large","max-video-preview":"max-video-preview:-1"},"canonical":"https:\/\/www.leragazzedisanfrediano.com\/fr\/il-nostro-metodo\/","og_locale":"fr_FR","og_type":"article","og_title":"Il nostro metodo - Le Ragazze di San Frediano","og_url":"https:\/\/www.leragazzedisanfrediano.com\/fr\/il-nostro-metodo\/","og_site_name":"Le Ragazze di San Frediano","article_publisher":"https:\/\/www.facebook.com\/leragazzedisanfrediano\/","article_modified_time":"2022-07-26T10:19:04+00:00","twitter_card":"summary_large_image","twitter_misc":{"Dur\u00e9e de lecture estim\u00e9e":"4 minutes"},"schema":{"@context":"https:\/\/schema.org","@graph":[{"@type":"WebPage","@id":"https:\/\/www.leragazzedisanfrediano.com\/il-nostro-metodo\/","url":"https:\/\/www.leragazzedisanfrediano.com\/il-nostro-metodo\/","name":"Il nostro metodo - Le Ragazze di San Frediano","isPartOf":{"@id":"https:\/\/www.leragazzedisanfrediano.com\/#website"},"datePublished":"2015-05-11T13:49:11+00:00","dateModified":"2022-07-26T10:19:04+00:00","breadcrumb":{"@id":"https:\/\/www.leragazzedisanfrediano.com\/il-nostro-metodo\/#breadcrumb"},"inLanguage":"fr-FR","potentialAction":[{"@type":"ReadAction","target":["https:\/\/www.leragazzedisanfrediano.com\/il-nostro-metodo\/"]}]},{"@type":"BreadcrumbList","@id":"https:\/\/www.leragazzedisanfrediano.com\/il-nostro-metodo\/#breadcrumb","itemListElement":[{"@type":"ListItem","position":1,"name":"Home","item":"https:\/\/www.leragazzedisanfrediano.com\/"},{"@type":"ListItem","position":2,"name":"Il nostro metodo"}]},{"@type":"WebSite","@id":"https:\/\/www.leragazzedisanfrediano.com\/#website","url":"https:\/\/www.leragazzedisanfrediano.com\/","name":"Le Ragazze di San Frediano","description":"Guide turistiche a Firenze","publisher":{"@id":"https:\/\/www.leragazzedisanfrediano.com\/#organization"},"potentialAction":[{"@type":"SearchAction","target":{"@type":"EntryPoint","urlTemplate":"https:\/\/www.leragazzedisanfrediano.com\/?s={search_term_string}"},"query-input":{"@type":"PropertyValueSpecification","valueRequired":true,"valueName":"search_term_string"}}],"inLanguage":"fr-FR"},{"@type":"Organization","@id":"https:\/\/www.leragazzedisanfrediano.com\/#organization","name":"Le Ragazze di San Frediano","url":"https:\/\/www.leragazzedisanfrediano.com\/","logo":{"@type":"ImageObject","inLanguage":"fr-FR","@id":"https:\/\/www.leragazzedisanfrediano.com\/#\/schema\/logo\/image\/","url":"https:\/\/leragazzedisanfrediano.comwp-content\/uploads\/2021\/07\/LOGO_testo.png","contentUrl":"https:\/\/leragazzedisanfrediano.comwp-content\/uploads\/2021\/07\/LOGO_testo.png","width":395,"height":170,"caption":"Le Ragazze di San Frediano"},"image":{"@id":"https:\/\/www.leragazzedisanfrediano.com\/#\/schema\/logo\/image\/"},"sameAs":["https:\/\/www.facebook.com\/leragazzedisanfrediano\/","https:\/\/www.instagram.com\/leragazzedisanfrediano\/"]}]}},"_links":{"self":[{"href":"https:\/\/www.leragazzedisanfrediano.com\/fr\/wp-json\/wp\/v2\/pages\/15492","targetHints":{"allow":["GET"]}}],"collection":[{"href":"https:\/\/www.leragazzedisanfrediano.com\/fr\/wp-json\/wp\/v2\/pages"}],"about":[{"href":"https:\/\/www.leragazzedisanfrediano.com\/fr\/wp-json\/wp\/v2\/types\/page"}],"author":[{"embeddable":true,"href":"https:\/\/www.leragazzedisanfrediano.com\/fr\/wp-json\/wp\/v2\/users\/4"}],"replies":[{"embeddable":true,"href":"https:\/\/www.leragazzedisanfrediano.com\/fr\/wp-json\/wp\/v2\/comments?post=15492"}],"version-history":[{"count":19,"href":"https:\/\/www.leragazzedisanfrediano.com\/fr\/wp-json\/wp\/v2\/pages\/15492\/revisions"}],"predecessor-version":[{"id":16170,"href":"https:\/\/www.leragazzedisanfrediano.com\/fr\/wp-json\/wp\/v2\/pages\/15492\/revisions\/16170"}],"wp:attachment":[{"href":"https:\/\/www.leragazzedisanfrediano.com\/fr\/wp-json\/wp\/v2\/media?parent=15492"}],"curies":[{"name":"wp","href":"https:\/\/api.w.org\/{rel}","templated":true}]}}