{"id":15273,"date":"2015-05-04T10:14:18","date_gmt":"2015-05-04T10:14:18","guid":{"rendered":"http:\/\/demo.qodeinteractive.com\/bridge86\/?page_id=15273"},"modified":"2026-04-24T11:42:18","modified_gmt":"2026-04-24T11:42:18","slug":"contatti","status":"publish","type":"page","link":"https:\/\/www.leragazzedisanfrediano.com\/fr\/contatti\/","title":{"rendered":"Contact"},"content":{"rendered":"<div class=\"wpb-content-wrapper\"><div class=\"vc_row wpb_row section vc_row-fluid  grid_section\" style=' padding-top:60px; padding-bottom:40px; text-align:center;'><div class=\"section_inner clearfix\"><div class='section_inner_margin clearfix'><div class=\"wpb_column vc_column_container vc_col-sm-12 vc_col-lg-offset-1 vc_col-lg-10 vc_col-md-offset-1 vc_col-md-10\"><div class=\"vc_column-inner\"><div class=\"wpb_wrapper\">\n\t<div class=\"wpb_text_column wpb_content_element\">\n\t\t<div class=\"wpb_wrapper\">\n\t\t\t<h2 style=\"text-align: center;\">Nos principaux liens<\/h2>\n\n\t\t<\/div>\n\t<\/div><div class=\"separator  transparent\" style=\"margin-top: 30px;margin-bottom: 0px;\"><\/div>\n\t<div class=\"wpb_text_column wpb_content_element\">\n\t\t<div class=\"wpb_wrapper\">\n\t\t\t<p>Vous souhaitez r\u00e9server une place pour une visite ? Vous souhaitez offrir une visite guid\u00e9e priv\u00e9e ou un bon d'achat ? Vous souhaitez obtenir plus d'informations sur nos offres ? Vous souhaitez simplement nous envoyer un message ?<\/p>\n<p>\u00c9crivez-nous ci-dessous et nous vous r\u00e9pondrons dans les plus brefs d\u00e9lais !<\/p>\n\n\t\t<\/div>\n\t<\/div><\/div><\/div><\/div><\/div><\/div><\/div><div      class=\"vc_row wpb_row section vc_row-fluid  grid_section\" style='background-color:#f3f3f3; padding-top:75px; padding-bottom:70px; text-align:left;'><div class=\"section_inner clearfix\"><div class='section_inner_margin clearfix'><div class=\"wpb_animate_when_almost_visible wpb_bounceIn bounceIn wpb_column vc_column_container vc_col-sm-6\"><div class=\"vc_column-inner\"><div class=\"wpb_wrapper\">\n\t<div class=\"wpb_text_column wpb_content_element\">\n\t\t<div class=\"wpb_wrapper\">\n\t\t\t<h6 style=\"text-align: center;\">Courrier :<\/h6>\n\n\t\t<\/div>\n\t<\/div>\n\t<div class=\"wpb_text_column wpb_content_element\">\n\t\t<div class=\"wpb_wrapper\">\n\t\t\t<p style=\"text-align: center;\"><a href=\"mailto:sanfrediano.tours@gmail.com\">sanfrediano.tours@gmail.com<\/a><\/p>\n\n\t\t<\/div>\n\t<\/div><div class=\"separator  transparent\" style=\"margin-top: 27px;margin-bottom: 0px;\"><\/div>\n\t<div class=\"wpb_text_column wpb_content_element\">\n\t\t<div class=\"wpb_wrapper\">\n\t\t\t<h6 style=\"text-align: center;\">T\u00e9l\u00e9phone :<\/h6>\n\n\t\t<\/div>\n\t<\/div>\n\t<div class=\"wpb_text_column wpb_content_element\">\n\t\t<div class=\"wpb_wrapper\">\n\t\t\t<p style=\"text-align: center;\">Giulia +39 3332349336<\/p>\n<p style=\"text-align: center;\">Victoria +39 3270367622<\/p>\n\n\t\t<\/div>\n\t<\/div><div class=\"separator  transparent\" style=\"margin-top: 27px;margin-bottom: 0px;\"><\/div>\n\t<div class=\"wpb_text_column wpb_content_element\">\n\t\t<div class=\"wpb_wrapper\">\n\t\t\t<h6 style=\"text-align: center;\">Social :<\/h6>\n\n\t\t<\/div>\n\t<\/div>\n\t<div class=\"wpb_text_column wpb_content_element\">\n\t\t<div class=\"wpb_wrapper\">\n\t\t\t<p style=\"text-align: center;\"><a href=\"https:\/\/www.facebook.com\/leragazzedisanfrediano\">Facebook<\/a><\/p>\n<p style=\"text-align: center;\"><a href=\"https:\/\/www.instagram.com\/leragazzedisanfrediano\/?hl=en\">Instagram<\/a><\/p>\n\n\t\t<\/div>\n\t<\/div><\/div><\/div><\/div><div class=\"wpb_column vc_column_container vc_col-sm-6\"><div class=\"vc_column-inner\"><div class=\"wpb_wrapper\">\n\t<div class=\"wpb_text_column wpb_content_element\">\n\t\t<div class=\"wpb_wrapper\">\n\t\t\t<p>Iscriviti qui alla nostra newsletter<\/p>\n\n\t\t<\/div>\n\t<\/div>\n\t<div class=\"wpb_raw_code wpb_raw_html wpb_content_element\" >\n\t\t<div class=\"wpb_wrapper\">\n\t\t\t<script async src=\"https:\/\/alecto.eomail5.com\/form\/321f1768-fb6e-11f0-b593-4d4707f77bf7.js\" data-form=\"321f1768-fb6e-11f0-b593-4d4707f77bf7\"><\/script>\n\t\t<\/div>\n\t<\/div>\n<div class=\"vc_empty_space\"  style=\"height: 64px\" >\n\t<span class=\"vc_empty_space_inner\">\n\t\t<span class=\"empty_space_image\"  ><\/span>\n\t<\/span>\n<\/div>\n\t<div class=\"wpb_single_image wpb_content_element vc_align_left\">\n\t\t<div class=\"wpb_wrapper\">\n\t\t\t\n\t\t\t<div class=\"vc_single_image-wrapper   vc_box_border_grey\"><img loading=\"lazy\" decoding=\"async\" width=\"1024\" height=\"768\" src=\"https:\/\/www.leragazzedisanfrediano.com\/wp-content\/uploads\/2022\/01\/DENTRO-CASA_46-1024x768.jpg\" class=\"vc_single_image-img attachment-large\" alt=\"\" title=\"DENTRO CASA_46\" srcset=\"https:\/\/www.leragazzedisanfrediano.com\/wp-content\/uploads\/2022\/01\/DENTRO-CASA_46-1024x768.jpg 1024w, https:\/\/www.leragazzedisanfrediano.com\/wp-content\/uploads\/2022\/01\/DENTRO-CASA_46-300x225.jpg 300w, https:\/\/www.leragazzedisanfrediano.com\/wp-content\/uploads\/2022\/01\/DENTRO-CASA_46-768x576.jpg 768w, https:\/\/www.leragazzedisanfrediano.com\/wp-content\/uploads\/2022\/01\/DENTRO-CASA_46-800x600.jpg 800w, https:\/\/www.leragazzedisanfrediano.com\/wp-content\/uploads\/2022\/01\/DENTRO-CASA_46-700x525.jpg 700w, https:\/\/www.leragazzedisanfrediano.com\/wp-content\/uploads\/2022\/01\/DENTRO-CASA_46.jpg 1280w\" sizes=\"auto, (max-width: 1024px) 100vw, 1024px\" \/><\/div>\n\t\t<\/div>\n\t<\/div>\n<\/div><\/div><\/div><\/div><\/div><\/div>\n<\/div>","protected":false},"excerpt":{"rendered":"I nostri principali collegamenti Vuoi prenotare un posto per un tour? Vuoi regalare una visita guidata privata o un voucher? Vuoi maggiori informazioni sulle nostre offerte? Vuoi semplicemente mandarci un saluto? Scrivici qui sotto, ti risponderemo il prima possibile! Mail: sanfrediano.tours@gmail.com Telefono: Giulia +39 3332349336...","protected":false},"author":4,"featured_media":0,"parent":0,"menu_order":0,"comment_status":"open","ping_status":"open","template":"full_width.php","meta":{"footnotes":""},"class_list":["post-15273","page","type-page","status-publish","hentry"],"yoast_head":"<!-- This site is optimized with the Yoast SEO plugin v27.4 - https:\/\/yoast.com\/product\/yoast-seo-wordpress\/ -->\n<title>Contatti - Le Ragazze di San Frediano<\/title>\n<meta name=\"robots\" content=\"index, follow, max-snippet:-1, max-image-preview:large, max-video-preview:-1\" \/>\n<link rel=\"canonical\" href=\"https:\/\/www.leragazzedisanfrediano.com\/fr\/contatti\/\" \/>\n<meta property=\"og:locale\" content=\"fr_FR\" \/>\n<meta property=\"og:type\" content=\"article\" \/>\n<meta property=\"og:title\" content=\"Contatti - Le Ragazze di San Frediano\" \/>\n<meta property=\"og:url\" content=\"https:\/\/www.leragazzedisanfrediano.com\/fr\/contatti\/\" \/>\n<meta property=\"og:site_name\" content=\"Le Ragazze di San Frediano\" \/>\n<meta property=\"article:publisher\" content=\"https:\/\/www.facebook.com\/leragazzedisanfrediano\/\" \/>\n<meta property=\"article:modified_time\" content=\"2026-04-24T11:42:18+00:00\" \/>\n<meta name=\"twitter:card\" content=\"summary_large_image\" \/>\n<meta name=\"twitter:label1\" content=\"Dur\u00e9e de lecture estim\u00e9e\" \/>\n\t<meta name=\"twitter:data1\" content=\"1 minute\" \/>\n<script type=\"application\/ld+json\" class=\"yoast-schema-graph\">{\"@context\":\"https:\\\/\\\/schema.org\",\"@graph\":[{\"@type\":\"WebPage\",\"@id\":\"https:\\\/\\\/www.leragazzedisanfrediano.com\\\/contatti\\\/\",\"url\":\"https:\\\/\\\/www.leragazzedisanfrediano.com\\\/contatti\\\/\",\"name\":\"Contatti - Le Ragazze di San Frediano\",\"isPartOf\":{\"@id\":\"https:\\\/\\\/www.leragazzedisanfrediano.com\\\/#website\"},\"datePublished\":\"2015-05-04T10:14:18+00:00\",\"dateModified\":\"2026-04-24T11:42:18+00:00\",\"breadcrumb\":{\"@id\":\"https:\\\/\\\/www.leragazzedisanfrediano.com\\\/contatti\\\/#breadcrumb\"},\"inLanguage\":\"fr-FR\",\"potentialAction\":[{\"@type\":\"ReadAction\",\"target\":[\"https:\\\/\\\/www.leragazzedisanfrediano.com\\\/contatti\\\/\"]}]},{\"@type\":\"BreadcrumbList\",\"@id\":\"https:\\\/\\\/www.leragazzedisanfrediano.com\\\/contatti\\\/#breadcrumb\",\"itemListElement\":[{\"@type\":\"ListItem\",\"position\":1,\"name\":\"Home\",\"item\":\"https:\\\/\\\/www.leragazzedisanfrediano.com\\\/\"},{\"@type\":\"ListItem\",\"position\":2,\"name\":\"Contatti\"}]},{\"@type\":\"WebSite\",\"@id\":\"https:\\\/\\\/www.leragazzedisanfrediano.com\\\/#website\",\"url\":\"https:\\\/\\\/www.leragazzedisanfrediano.com\\\/\",\"name\":\"Le Ragazze di San Frediano\",\"description\":\"Guide turistiche a Firenze\",\"publisher\":{\"@id\":\"https:\\\/\\\/www.leragazzedisanfrediano.com\\\/#organization\"},\"potentialAction\":[{\"@type\":\"SearchAction\",\"target\":{\"@type\":\"EntryPoint\",\"urlTemplate\":\"https:\\\/\\\/www.leragazzedisanfrediano.com\\\/?s={search_term_string}\"},\"query-input\":{\"@type\":\"PropertyValueSpecification\",\"valueRequired\":true,\"valueName\":\"search_term_string\"}}],\"inLanguage\":\"fr-FR\"},{\"@type\":\"Organization\",\"@id\":\"https:\\\/\\\/www.leragazzedisanfrediano.com\\\/#organization\",\"name\":\"Le Ragazze di San Frediano\",\"url\":\"https:\\\/\\\/www.leragazzedisanfrediano.com\\\/\",\"logo\":{\"@type\":\"ImageObject\",\"inLanguage\":\"fr-FR\",\"@id\":\"https:\\\/\\\/www.leragazzedisanfrediano.com\\\/#\\\/schema\\\/logo\\\/image\\\/\",\"url\":\"https:\\\/\\\/leragazzedisanfrediano.comwp-content\\\/uploads\\\/2021\\\/07\\\/LOGO_testo.png\",\"contentUrl\":\"https:\\\/\\\/leragazzedisanfrediano.comwp-content\\\/uploads\\\/2021\\\/07\\\/LOGO_testo.png\",\"width\":395,\"height\":170,\"caption\":\"Le Ragazze di San Frediano\"},\"image\":{\"@id\":\"https:\\\/\\\/www.leragazzedisanfrediano.com\\\/#\\\/schema\\\/logo\\\/image\\\/\"},\"sameAs\":[\"https:\\\/\\\/www.facebook.com\\\/leragazzedisanfrediano\\\/\",\"https:\\\/\\\/www.instagram.com\\\/leragazzedisanfrediano\\\/\"]}]}<\/script>\n<!-- \/ Yoast SEO plugin. -->","yoast_head_json":{"title":"Contacts - Les filles de San Frediano","robots":{"index":"index","follow":"follow","max-snippet":"max-snippet:-1","max-image-preview":"max-image-preview:large","max-video-preview":"max-video-preview:-1"},"canonical":"https:\/\/www.leragazzedisanfrediano.com\/fr\/contatti\/","og_locale":"fr_FR","og_type":"article","og_title":"Contatti - Le Ragazze di San Frediano","og_url":"https:\/\/www.leragazzedisanfrediano.com\/fr\/contatti\/","og_site_name":"Le Ragazze di San Frediano","article_publisher":"https:\/\/www.facebook.com\/leragazzedisanfrediano\/","article_modified_time":"2026-04-24T11:42:18+00:00","twitter_card":"summary_large_image","twitter_misc":{"Dur\u00e9e de lecture estim\u00e9e":"1 minute"},"schema":{"@context":"https:\/\/schema.org","@graph":[{"@type":"WebPage","@id":"https:\/\/www.leragazzedisanfrediano.com\/contatti\/","url":"https:\/\/www.leragazzedisanfrediano.com\/contatti\/","name":"Contacts - Les filles de San Frediano","isPartOf":{"@id":"https:\/\/www.leragazzedisanfrediano.com\/#website"},"datePublished":"2015-05-04T10:14:18+00:00","dateModified":"2026-04-24T11:42:18+00:00","breadcrumb":{"@id":"https:\/\/www.leragazzedisanfrediano.com\/contatti\/#breadcrumb"},"inLanguage":"fr-FR","potentialAction":[{"@type":"ReadAction","target":["https:\/\/www.leragazzedisanfrediano.com\/contatti\/"]}]},{"@type":"BreadcrumbList","@id":"https:\/\/www.leragazzedisanfrediano.com\/contatti\/#breadcrumb","itemListElement":[{"@type":"ListItem","position":1,"name":"Home","item":"https:\/\/www.leragazzedisanfrediano.com\/"},{"@type":"ListItem","position":2,"name":"Contatti"}]},{"@type":"WebSite","@id":"https:\/\/www.leragazzedisanfrediano.com\/#website","url":"https:\/\/www.leragazzedisanfrediano.com\/","name":"Le Ragazze di San Frediano","description":"Guide turistiche a Firenze","publisher":{"@id":"https:\/\/www.leragazzedisanfrediano.com\/#organization"},"potentialAction":[{"@type":"SearchAction","target":{"@type":"EntryPoint","urlTemplate":"https:\/\/www.leragazzedisanfrediano.com\/?s={search_term_string}"},"query-input":{"@type":"PropertyValueSpecification","valueRequired":true,"valueName":"search_term_string"}}],"inLanguage":"fr-FR"},{"@type":"Organization","@id":"https:\/\/www.leragazzedisanfrediano.com\/#organization","name":"Le Ragazze di San Frediano","url":"https:\/\/www.leragazzedisanfrediano.com\/","logo":{"@type":"ImageObject","inLanguage":"fr-FR","@id":"https:\/\/www.leragazzedisanfrediano.com\/#\/schema\/logo\/image\/","url":"https:\/\/leragazzedisanfrediano.comwp-content\/uploads\/2021\/07\/LOGO_testo.png","contentUrl":"https:\/\/leragazzedisanfrediano.comwp-content\/uploads\/2021\/07\/LOGO_testo.png","width":395,"height":170,"caption":"Le Ragazze di San Frediano"},"image":{"@id":"https:\/\/www.leragazzedisanfrediano.com\/#\/schema\/logo\/image\/"},"sameAs":["https:\/\/www.facebook.com\/leragazzedisanfrediano\/","https:\/\/www.instagram.com\/leragazzedisanfrediano\/"]}]}},"_links":{"self":[{"href":"https:\/\/www.leragazzedisanfrediano.com\/fr\/wp-json\/wp\/v2\/pages\/15273","targetHints":{"allow":["GET"]}}],"collection":[{"href":"https:\/\/www.leragazzedisanfrediano.com\/fr\/wp-json\/wp\/v2\/pages"}],"about":[{"href":"https:\/\/www.leragazzedisanfrediano.com\/fr\/wp-json\/wp\/v2\/types\/page"}],"author":[{"embeddable":true,"href":"https:\/\/www.leragazzedisanfrediano.com\/fr\/wp-json\/wp\/v2\/users\/4"}],"replies":[{"embeddable":true,"href":"https:\/\/www.leragazzedisanfrediano.com\/fr\/wp-json\/wp\/v2\/comments?post=15273"}],"version-history":[{"count":45,"href":"https:\/\/www.leragazzedisanfrediano.com\/fr\/wp-json\/wp\/v2\/pages\/15273\/revisions"}],"predecessor-version":[{"id":16860,"href":"https:\/\/www.leragazzedisanfrediano.com\/fr\/wp-json\/wp\/v2\/pages\/15273\/revisions\/16860"}],"wp:attachment":[{"href":"https:\/\/www.leragazzedisanfrediano.com\/fr\/wp-json\/wp\/v2\/media?parent=15273"}],"curies":[{"name":"wp","href":"https:\/\/api.w.org\/{rel}","templated":true}]}}